{"id":510,"date":"2015-12-14T13:47:40","date_gmt":"2015-12-14T12:47:40","guid":{"rendered":"http:\/\/www.ambulantagenus.si\/si\/?page_id=510"},"modified":"2016-05-18T12:23:09","modified_gmt":"2016-05-18T10:23:09","slug":"ultrazvok-skrotuma-in-testisov","status":"publish","type":"page","link":"https:\/\/www.ambulantagenus.si\/si\/ultrazvocna-diagnostika\/ultrazvok-skrotuma-in-testisov\/","title":{"rendered":"Ultrazvok skrotuma in testisov"},"content":{"rendered":"<p>[et_pb_section admin_label=&#8221;Section&#8221; fullwidth=&#8221;off&#8221; specialty=&#8221;off&#8221; background_image=&#8221;http:\/\/www.ambulantagenus.si\/si\/wp-content\/uploads\/sites\/2\/2016\/03\/genus-ultrazvok-skrotuma-in-testisov.jpg&#8221; transparent_background=&#8221;off&#8221; allow_player_pause=&#8221;off&#8221; inner_shadow=&#8221;off&#8221; parallax=&#8221;off&#8221; parallax_method=&#8221;off&#8221; padding_mobile=&#8221;off&#8221; make_fullwidth=&#8221;off&#8221; use_custom_width=&#8221;off&#8221; width_unit=&#8221;on&#8221; make_equal=&#8221;off&#8221; use_custom_gutter=&#8221;off&#8221; gutter_width=&#8221;3&#8243; custom_css_main_element=&#8221;min-height:360px;&#8221;][et_pb_row admin_label=&#8221;Row&#8221;][et_pb_column type=&#8221;1_3&#8243;][\/et_pb_column][et_pb_column type=&#8221;1_3&#8243;][\/et_pb_column][et_pb_column type=&#8221;1_3&#8243;][et_pb_cta admin_label=&#8221;Call To Action&#8221; title=&#8221;Telefonsko naro\u010danje na 031-647-815&#8243; button_url=&#8221;#&#8221; url_new_window=&#8221;off&#8221; button_text=&#8221;Spletno naro\u010danje&#8221; use_background_color=&#8221;on&#8221; background_color=&#8221;rgba(255,153,34,0.3)&#8221; background_layout=&#8221;dark&#8221; text_orientation=&#8221;left&#8221; header_font_size=&#8221;26&#8243; body_font_size=&#8221;14&#8243; use_border_color=&#8221;off&#8221; border_color=&#8221;#ffffff&#8221; border_style=&#8221;solid&#8221; custom_button=&#8221;off&#8221; button_text_size=&#8221;20&#8243; button_border_width=&#8221;2&#8243; button_border_radius=&#8221;3&#8243; button_letter_spacing=&#8221;0&#8243; button_use_icon=&#8221;default&#8221; button_icon_placement=&#8221;right&#8221; button_on_hover=&#8221;on&#8221; button_border_radius_hover=&#8221;3&#8243; button_letter_spacing_hover=&#8221;0&#8243; saved_tabs=&#8221;all&#8221; global_module=&#8221;656&#8243;] [\/et_pb_cta][\/et_pb_column][\/et_pb_row][\/et_pb_section][et_pb_section admin_label=&#8221;Section&#8221; fullwidth=&#8221;off&#8221; specialty=&#8221;off&#8221;][et_pb_row admin_label=&#8221;Row&#8221;][et_pb_column type=&#8221;4_4&#8243;][et_pb_text admin_label=&#8221;Text&#8221; background_layout=&#8221;light&#8221; text_orientation=&#8221;left&#8221; text_font_size=&#8221;18&#8243; use_border_color=&#8221;off&#8221; border_color=&#8221;#ffffff&#8221; border_style=&#8221;solid&#8221;]<\/p>\n<h1>Ultrazvok skrotuma in testisov<\/h1>\n<p>Z ultrazvokom preiskujemo skrotum (modnik,mo\u0161nja) in testise (moda). Ultrazvo\u010dna preiskava testisov je varna in nebole\u010da. Pacienti prihajajo na preiskavo zaradi zatrdline v testisu, bole\u010din in otekanja testisov, po\u0161kodb skrotuma ali nespu\u0161\u010denega testisa.<\/p>\n<p>[\/et_pb_text][\/et_pb_column][\/et_pb_row][\/et_pb_section][et_pb_section admin_label=&#8221;section&#8221;][et_pb_row admin_label=&#8221;row&#8221;][et_pb_column type=&#8221;2_3&#8243;][et_pb_text admin_label=&#8221;Text&#8221; background_layout=&#8221;light&#8221; text_orientation=&#8221;left&#8221; text_font_size=&#8221;14&#8243; use_border_color=&#8221;off&#8221; border_color=&#8221;#ffffff&#8221; border_style=&#8221;solid&#8221;]<\/p>\n<p>Pri ultrazvo\u010dnem pregledu lahko zaznamo vnetja v obmodku in testisih, tumorje testisov, raz\u0161iritve ven (varikokele) in teko\u010dino med ovojnicami testisov (hidrokela).<\/p>\n<p>Ultrazvo\u010dna preiskava razlikuje med benignimi in malignimi tumorji. Maligni tumorji se najpogosteje pojavljajo pri mlaj\u0161ih mo\u0161kih (med 20 in 45 letom). Ka\u017eejo se kot nebole\u010da zatrdlina v modu. Zdravljenje je zelo uspe\u0161no, \u010de jih pravo\u010dasno odrijemo. Pri mo\u0161kih, ki so operirani zaradi raka mod, je nujen reden ultrazvok mo\u0161nje in trebuha.<\/p>\n<p>Z ultrazvokom ocenjujemo ali je sprememba v testisu cisti\u010dna ali solidna, i\u0161\u010demo vzrok bole\u010dine ali otekanja testisov (vnetje, torzija), prisotnost varikokele (nenormalna raz\u0161iritev vene, ki drenira testis in posledi\u010den zastoj krvi), lokacijo nespu\u0161\u010denega testisa.<\/p>\n<p>[\/et_pb_text][\/et_pb_column][et_pb_column type=&#8221;1_3&#8243;][et_pb_blurb admin_label=&#8221;Blurb&#8221; title=&#8221;Priprava na pregled&#8221; url_new_window=&#8221;off&#8221; use_icon=&#8221;on&#8221; font_icon=&#8221;%%79%%&#8221; icon_color=&#8221;#ff9922&#8243; use_circle=&#8221;off&#8221; circle_color=&#8221;#ff9922&#8243; use_circle_border=&#8221;off&#8221; circle_border_color=&#8221;#ff9922&#8243; icon_placement=&#8221;top&#8221; animation=&#8221;top&#8221; background_layout=&#8221;light&#8221; text_orientation=&#8221;left&#8221; use_icon_font_size=&#8221;on&#8221; icon_font_size=&#8221;38&#8243; header_font_size=&#8221;18&#8243; body_font_size=&#8221;14&#8243; background_color=&#8221;#e2e2e2&#8243; use_border_color=&#8221;off&#8221; border_color=&#8221;#ffffff&#8221; border_style=&#8221;solid&#8221; custom_padding=&#8221;20px|20px|20px|20px&#8221;]<\/p>\n<p>Za ultrazvo\u010dni pregled skrotuma in testisov ni potrebna priprava. Med pregledom preiskovanec le\u017ei na hrbtu. Ultrazvo\u010dni pregled testisov traja od 15 \u2013 20 min.<\/p>\n<p>[\/et_pb_blurb][\/et_pb_column][\/et_pb_row][\/et_pb_section]<\/p>\n","protected":false},"excerpt":{"rendered":"<p>[et_pb_section admin_label=&#8221;Section&#8221; fullwidth=&#8221;off&#8221; specialty=&#8221;off&#8221; background_image=&#8221;http:\/\/www.ambulantagenus.si\/si\/wp-content\/uploads\/sites\/2\/2016\/03\/genus-ultrazvok-skrotuma-in-testisov.jpg&#8221; transparent_background=&#8221;off&#8221; allow_player_pause=&#8221;off&#8221; inner_shadow=&#8221;off&#8221; parallax=&#8221;off&#8221; parallax_method=&#8221;off&#8221; padding_mobile=&#8221;off&#8221; make_fullwidth=&#8221;off&#8221; use_custom_width=&#8221;off&#8221; width_unit=&#8221;on&#8221; make_equal=&#8221;off&#8221; use_custom_gutter=&#8221;off&#8221; gutter_width=&#8221;3&#8243; custom_css_main_element=&#8221;min-height:360px;&#8221;][et_pb_row admin_label=&#8221;Row&#8221;][et_pb_column type=&#8221;1_3&#8243;][\/et_pb_column][et_pb_column type=&#8221;1_3&#8243;][\/et_pb_column][et_pb_column type=&#8221;1_3&#8243;][et_pb_cta admin_label=&#8221;Call To Action&#8221; title=&#8221;Telefonsko naro\u010danje na 031-647-815&#8243; button_url=&#8221;#&#8221; url_new_window=&#8221;off&#8221; button_text=&#8221;Spletno naro\u010danje&#8221; use_background_color=&#8221;on&#8221; background_color=&#8221;rgba(255,153,34,0.3)&#8221; background_layout=&#8221;dark&#8221; text_orientation=&#8221;left&#8221; header_font_size=&#8221;26&#8243; body_font_size=&#8221;14&#8243; use_border_color=&#8221;off&#8221; border_color=&#8221;#ffffff&#8221; border_style=&#8221;solid&#8221; custom_button=&#8221;off&#8221; button_text_size=&#8221;20&#8243; button_border_width=&#8221;2&#8243; button_border_radius=&#8221;3&#8243; button_letter_spacing=&#8221;0&#8243; button_use_icon=&#8221;default&#8221; button_icon_placement=&#8221;right&#8221; button_on_hover=&#8221;on&#8221; button_border_radius_hover=&#8221;3&#8243; button_letter_spacing_hover=&#8221;0&#8243; saved_tabs=&#8221;all&#8221; global_module=&#8221;656&#8243;] [\/et_pb_cta][\/et_pb_column][\/et_pb_row][\/et_pb_section][et_pb_section [&hellip;]<\/p>\n","protected":false},"author":1,"featured_media":0,"parent":90,"menu_order":25,"comment_status":"closed","ping_status":"closed","template":"","meta":{"_et_pb_use_builder":"on","_et_pb_old_content":"","_et_gb_content_width":""},"_links":{"self":[{"href":"https:\/\/www.ambulantagenus.si\/si\/wp-json\/wp\/v2\/pages\/510"}],"collection":[{"href":"https:\/\/www.ambulantagenus.si\/si\/wp-json\/wp\/v2\/pages"}],"about":[{"href":"https:\/\/www.ambulantagenus.si\/si\/wp-json\/wp\/v2\/types\/page"}],"author":[{"embeddable":true,"href":"https:\/\/www.ambulantagenus.si\/si\/wp-json\/wp\/v2\/users\/1"}],"replies":[{"embeddable":true,"href":"https:\/\/www.ambulantagenus.si\/si\/wp-json\/wp\/v2\/comments?post=510"}],"version-history":[{"count":11,"href":"https:\/\/www.ambulantagenus.si\/si\/wp-json\/wp\/v2\/pages\/510\/revisions"}],"predecessor-version":[{"id":837,"href":"https:\/\/www.ambulantagenus.si\/si\/wp-json\/wp\/v2\/pages\/510\/revisions\/837"}],"up":[{"embeddable":true,"href":"https:\/\/www.ambulantagenus.si\/si\/wp-json\/wp\/v2\/pages\/90"}],"wp:attachment":[{"href":"https:\/\/www.ambulantagenus.si\/si\/wp-json\/wp\/v2\/media?parent=510"}],"curies":[{"name":"wp","href":"https:\/\/api.w.org\/{rel}","templated":true}]}}