{"id":137,"date":"2015-12-03T11:23:00","date_gmt":"2015-12-03T10:23:00","guid":{"rendered":"http:\/\/www.ambulantagenus.si\/si\/?page_id=137"},"modified":"2016-05-18T12:25:24","modified_gmt":"2016-05-18T10:25:24","slug":"ultrazvok-dojk","status":"publish","type":"page","link":"http:\/\/www.ambulantagenus.si\/si\/ultrazvocna-diagnostika\/ultrazvok-dojk\/","title":{"rendered":"Ultrazvok dojk"},"content":{"rendered":"<p>[et_pb_section admin_label=&#8221;Section&#8221; fullwidth=&#8221;off&#8221; specialty=&#8221;off&#8221; background_image=&#8221;http:\/\/www.ambulantagenus.si\/si\/wp-content\/uploads\/sites\/2\/2016\/03\/genus-ultrazvok-dojk.jpg&#8221; transparent_background=&#8221;off&#8221; allow_player_pause=&#8221;off&#8221; inner_shadow=&#8221;off&#8221; parallax=&#8221;off&#8221; parallax_method=&#8221;off&#8221; padding_mobile=&#8221;off&#8221; make_fullwidth=&#8221;off&#8221; use_custom_width=&#8221;off&#8221; width_unit=&#8221;on&#8221; make_equal=&#8221;off&#8221; use_custom_gutter=&#8221;off&#8221; gutter_width=&#8221;3&#8243; custom_css_main_element=&#8221;min-height:360px;&#8221;][et_pb_row admin_label=&#8221;Row&#8221;][et_pb_column type=&#8221;1_3&#8243;][\/et_pb_column][et_pb_column type=&#8221;1_3&#8243;][\/et_pb_column][et_pb_column type=&#8221;1_3&#8243;][et_pb_cta admin_label=&#8221;Call To Action&#8221; global_module=&#8221;656&#8243; title=&#8221;Telefonsko naro\u010danje na 031-647-815&#8243; button_url=&#8221;#&#8221; url_new_window=&#8221;off&#8221; button_text=&#8221;Spletno naro\u010danje&#8221; use_background_color=&#8221;on&#8221; background_color=&#8221;rgba(255,153,34,0.3)&#8221; background_layout=&#8221;dark&#8221; text_orientation=&#8221;left&#8221; header_font_size=&#8221;26&#8243; body_font_size=&#8221;14&#8243; use_border_color=&#8221;off&#8221; border_color=&#8221;#ffffff&#8221; border_style=&#8221;solid&#8221; custom_button=&#8221;off&#8221; button_text_size=&#8221;20&#8243; button_border_width=&#8221;2&#8243; button_border_radius=&#8221;3&#8243; button_letter_spacing=&#8221;0&#8243; button_use_icon=&#8221;default&#8221; button_icon_placement=&#8221;right&#8221; button_on_hover=&#8221;on&#8221; button_border_radius_hover=&#8221;3&#8243; button_letter_spacing_hover=&#8221;0&#8243; saved_tabs=&#8221;all&#8221;] [\/et_pb_cta][\/et_pb_column][\/et_pb_row][\/et_pb_section][et_pb_section admin_label=&#8221;Section&#8221; fullwidth=&#8221;off&#8221; specialty=&#8221;off&#8221;][et_pb_row admin_label=&#8221;Row&#8221;][et_pb_column type=&#8221;4_4&#8243;][et_pb_text admin_label=&#8221;Text&#8221; background_layout=&#8221;light&#8221; text_orientation=&#8221;left&#8221; text_font_size=&#8221;18&#8243; use_border_color=&#8221;off&#8221; border_color=&#8221;#ffffff&#8221; border_style=&#8221;solid&#8221;]<\/p>\n<h1>Ultrazvok dojk<\/h1>\n<p>Ultrazvok je preiskava izbora za opredelitev tipljivih zatrdlin dojk pri \u017eenskah, ki so mlaj\u0161e od 40 let, saj je takrat struktura dojk gosta in z mamografijo slab\u0161e pregledna.<\/p>\n<p>[\/et_pb_text][\/et_pb_column][\/et_pb_row][\/et_pb_section][et_pb_section admin_label=&#8221;Section&#8221; fullwidth=&#8221;off&#8221; specialty=&#8221;off&#8221;][et_pb_row admin_label=&#8221;Row&#8221;][et_pb_column type=&#8221;2_3&#8243;][et_pb_text admin_label=&#8221;Text&#8221; background_layout=&#8221;light&#8221; text_orientation=&#8221;left&#8221; text_font_size=&#8221;14&#8243; use_border_color=&#8221;off&#8221; border_color=&#8221;#ffffff&#8221; border_style=&#8221;solid&#8221;]<\/p>\n<p>Ultrazvo\u010dna preiskava dojk je koristna tudi za razjasnitev mamografsko vidnih nepravilnosti in za opredelitev tipljivih zatrdlin ob negativni ali nepregledni mamografiji.<\/p>\n<p>Ker pri UZ preiskavi ni ionizirajo\u010dega \u017ear\u010denja in jo lahko neomejeno ponavljamo, jo priporo\u010damo pri nose\u010dnicah in pri mlaj\u0161ih \u017eenskah. Po 40., \u0161e posebej pa po 50. letu je struktura dojke manj gosta in bolj pregledna z mamografijo. V teh letih je ultrazvok koristen kot dopolnilna metoda, ne more pa zamenjati mamografije.<\/p>\n<p><strong>Ultrazvo\u010dne preiskave dojk opravljamo:<\/strong><\/p>\n<ul>\n<li>za razjasnitev mamografsko nejasnih zgostitev<\/li>\n<li>za oceno velikosti, strukture, omejitve in prekrvljenosti tipnih sprememb<\/li>\n<li>za kontrolo cisti\u010dnih formacij<\/li>\n<li>za oceno raz\u0161irjenosti vnetnih sprememb<\/li>\n<li>za oceno pazdu\u0161nih bezgavk<\/li>\n<\/ul>\n<p>Manj natan\u010dna je za ugotavljanje mikrokalcinacij. Pomembno je, da jo izvaja posebej za to usposobljen radiolog.<\/p>\n<p>[\/et_pb_text][\/et_pb_column][et_pb_column type=&#8221;1_3&#8243;][et_pb_blurb admin_label=&#8221;Blurb&#8221; title=&#8221;Priprava na pregled&#8221; url_new_window=&#8221;off&#8221; use_icon=&#8221;on&#8221; font_icon=&#8221;%%79%%&#8221; icon_color=&#8221;#ff9922&#8243; use_circle=&#8221;off&#8221; circle_color=&#8221;#ff9922&#8243; use_circle_border=&#8221;off&#8221; circle_border_color=&#8221;#ff9922&#8243; icon_placement=&#8221;top&#8221; animation=&#8221;top&#8221; background_layout=&#8221;light&#8221; text_orientation=&#8221;left&#8221; use_icon_font_size=&#8221;on&#8221; icon_font_size=&#8221;38&#8243; header_font_size=&#8221;18&#8243; body_font_size=&#8221;14&#8243; background_color=&#8221;#e2e2e2&#8243; use_border_color=&#8221;off&#8221; border_color=&#8221;#ffffff&#8221; border_style=&#8221;solid&#8221; custom_padding=&#8221;20px|20px|20px|20px&#8221;]<\/p>\n<p>Posebne priprave na preiskavo niso potrebne.<\/p>\n<p>\u010ce ima \u017eena, ki se odlo\u010di za ultrazvo\u010dno preiskavo dojk izvide ev, predhodnih preiskav mamografije ali ultrazvo\u010dne izvide in slike, naj jih prinese s seboj za primerjavo.<\/p>\n<p>Preiskovanka pri preiskavi sle\u010de zgornja obla\u010dila in med preiskavo le\u017ei na boku ali hrbtu, po navadi z dvignjenimi rokami.<\/p>\n<p>Preiskava traja od 20 do 30 minut.<\/p>\n<p>[\/et_pb_blurb][\/et_pb_column][\/et_pb_row][\/et_pb_section]<\/p>\n","protected":false},"excerpt":{"rendered":"<p>[et_pb_section admin_label=&#8221;Section&#8221; fullwidth=&#8221;off&#8221; specialty=&#8221;off&#8221; background_image=&#8221;http:\/\/www.ambulantagenus.si\/si\/wp-content\/uploads\/sites\/2\/2016\/03\/genus-ultrazvok-dojk.jpg&#8221; transparent_background=&#8221;off&#8221; allow_player_pause=&#8221;off&#8221; inner_shadow=&#8221;off&#8221; parallax=&#8221;off&#8221; parallax_method=&#8221;off&#8221; padding_mobile=&#8221;off&#8221; make_fullwidth=&#8221;off&#8221; use_custom_width=&#8221;off&#8221; width_unit=&#8221;on&#8221; make_equal=&#8221;off&#8221; use_custom_gutter=&#8221;off&#8221; gutter_width=&#8221;3&#8243; custom_css_main_element=&#8221;min-height:360px;&#8221;][et_pb_row admin_label=&#8221;Row&#8221;][et_pb_column type=&#8221;1_3&#8243;][\/et_pb_column][et_pb_column type=&#8221;1_3&#8243;][\/et_pb_column][et_pb_column type=&#8221;1_3&#8243;][et_pb_cta admin_label=&#8221;Call To Action&#8221; global_module=&#8221;656&#8243; title=&#8221;Telefonsko naro\u010danje na 031-647-815&#8243; button_url=&#8221;#&#8221; url_new_window=&#8221;off&#8221; button_text=&#8221;Spletno naro\u010danje&#8221; use_background_color=&#8221;on&#8221; background_color=&#8221;rgba(255,153,34,0.3)&#8221; background_layout=&#8221;dark&#8221; text_orientation=&#8221;left&#8221; header_font_size=&#8221;26&#8243; body_font_size=&#8221;14&#8243; use_border_color=&#8221;off&#8221; border_color=&#8221;#ffffff&#8221; border_style=&#8221;solid&#8221; custom_button=&#8221;off&#8221; button_text_size=&#8221;20&#8243; button_border_width=&#8221;2&#8243; button_border_radius=&#8221;3&#8243; button_letter_spacing=&#8221;0&#8243; button_use_icon=&#8221;default&#8221; button_icon_placement=&#8221;right&#8221; button_on_hover=&#8221;on&#8221; button_border_radius_hover=&#8221;3&#8243; button_letter_spacing_hover=&#8221;0&#8243; saved_tabs=&#8221;all&#8221;] [\/et_pb_cta][\/et_pb_column][\/et_pb_row][\/et_pb_section][et_pb_section [&hellip;]<\/p>\n","protected":false},"author":1,"featured_media":0,"parent":90,"menu_order":40,"comment_status":"closed","ping_status":"closed","template":"","meta":{"_et_pb_use_builder":"on","_et_pb_old_content":"","_et_gb_content_width":""},"_links":{"self":[{"href":"http:\/\/www.ambulantagenus.si\/si\/wp-json\/wp\/v2\/pages\/137"}],"collection":[{"href":"http:\/\/www.ambulantagenus.si\/si\/wp-json\/wp\/v2\/pages"}],"about":[{"href":"http:\/\/www.ambulantagenus.si\/si\/wp-json\/wp\/v2\/types\/page"}],"author":[{"embeddable":true,"href":"http:\/\/www.ambulantagenus.si\/si\/wp-json\/wp\/v2\/users\/1"}],"replies":[{"embeddable":true,"href":"http:\/\/www.ambulantagenus.si\/si\/wp-json\/wp\/v2\/comments?post=137"}],"version-history":[{"count":8,"href":"http:\/\/www.ambulantagenus.si\/si\/wp-json\/wp\/v2\/pages\/137\/revisions"}],"predecessor-version":[{"id":830,"href":"http:\/\/www.ambulantagenus.si\/si\/wp-json\/wp\/v2\/pages\/137\/revisions\/830"}],"up":[{"embeddable":true,"href":"http:\/\/www.ambulantagenus.si\/si\/wp-json\/wp\/v2\/pages\/90"}],"wp:attachment":[{"href":"http:\/\/www.ambulantagenus.si\/si\/wp-json\/wp\/v2\/media?parent=137"}],"curies":[{"name":"wp","href":"https:\/\/api.w.org\/{rel}","templated":true}]}}