{"id":131,"date":"2015-12-03T11:16:26","date_gmt":"2015-12-03T10:16:26","guid":{"rendered":"http:\/\/www.ambulantagenus.si\/si\/?page_id=131"},"modified":"2016-05-18T12:20:51","modified_gmt":"2016-05-18T10:20:51","slug":"ultrazvok-mehkih-tkiv-in-sklepov","status":"publish","type":"page","link":"http:\/\/www.ambulantagenus.si\/si\/ultrazvocna-diagnostika\/ultrazvok-mehkih-tkiv-in-sklepov\/","title":{"rendered":"Ultrazvok mehkih tkiv in sklepov"},"content":{"rendered":"<p>[et_pb_section admin_label=&#8221;Section&#8221; fullwidth=&#8221;off&#8221; specialty=&#8221;off&#8221; background_image=&#8221;http:\/\/www.ambulantagenus.si\/si\/wp-content\/uploads\/sites\/2\/2016\/03\/genus-ultrazvok-mehkih-tkiv-in-sklepov.jpg&#8221; transparent_background=&#8221;off&#8221; allow_player_pause=&#8221;off&#8221; inner_shadow=&#8221;off&#8221; parallax=&#8221;off&#8221; parallax_method=&#8221;off&#8221; padding_mobile=&#8221;off&#8221; make_fullwidth=&#8221;off&#8221; use_custom_width=&#8221;off&#8221; width_unit=&#8221;on&#8221; make_equal=&#8221;off&#8221; use_custom_gutter=&#8221;off&#8221; gutter_width=&#8221;3&#8243; custom_css_main_element=&#8221;min-height: 360px;&#8221;][et_pb_row admin_label=&#8221;Row&#8221;][et_pb_column type=&#8221;1_3&#8243;][\/et_pb_column][et_pb_column type=&#8221;1_3&#8243;][\/et_pb_column][et_pb_column type=&#8221;1_3&#8243;][et_pb_cta admin_label=&#8221;Call To Action&#8221; global_module=&#8221;656&#8243; saved_tabs=&#8221;all&#8221; title=&#8221;Telefonsko naro\u010danje na 031-647-815&#8243; button_url=&#8221;#&#8221; url_new_window=&#8221;off&#8221; button_text=&#8221;Kontakt&#8221; use_background_color=&#8221;on&#8221; background_color=&#8221;rgba(255,153,34,0.3)&#8221; background_layout=&#8221;dark&#8221; text_orientation=&#8221;left&#8221; header_font_size=&#8221;26&#8243; body_font_size=&#8221;14&#8243; use_border_color=&#8221;off&#8221; border_color=&#8221;#ffffff&#8221; border_style=&#8221;solid&#8221; custom_button=&#8221;off&#8221; button_text_size=&#8221;20&#8243; button_border_width=&#8221;2&#8243; button_border_radius=&#8221;3&#8243; button_letter_spacing=&#8221;0&#8243; button_use_icon=&#8221;default&#8221; button_icon_placement=&#8221;right&#8221; button_on_hover=&#8221;on&#8221; button_border_radius_hover=&#8221;3&#8243; button_letter_spacing_hover=&#8221;0&#8243;]<br \/>\n[\/et_pb_cta][\/et_pb_column][\/et_pb_row][\/et_pb_section][et_pb_section admin_label=&#8221;Section&#8221; fullwidth=&#8221;off&#8221; specialty=&#8221;off&#8221;][et_pb_row admin_label=&#8221;Row&#8221;][et_pb_column type=&#8221;4_4&#8243;][et_pb_text admin_label=&#8221;Text&#8221; background_layout=&#8221;light&#8221; text_orientation=&#8221;left&#8221; text_font_size=&#8221;18&#8243; use_border_color=&#8221;off&#8221; border_color=&#8221;#ffffff&#8221; border_style=&#8221;solid&#8221;]<\/p>\n<h1>Ultrazvok mehkih tkiv in sklepov<\/h1>\n<p>Ultrazvo\u010dna preiskava sklepov in mehkih tkiv gibal je neinvazivna, ne\u0161kodljiva in ponovljiva preiskava. Med ultrazvo\u010dnim pregledom opazujemo sklepe, obsklepne mehkotkivne strukture ali pregledujemo razli\u010dne skupine mi\u0161ic.<\/p>\n<p>[\/et_pb_text][\/et_pb_column][\/et_pb_row][\/et_pb_section][et_pb_section admin_label=&#8221;section&#8221;][et_pb_row admin_label=&#8221;row&#8221;][et_pb_column type=&#8221;2_3&#8243;][et_pb_text admin_label=&#8221;Text&#8221; background_layout=&#8221;light&#8221; text_orientation=&#8221;left&#8221; text_font_size=&#8221;14&#8243; use_border_color=&#8221;off&#8221; border_color=&#8221;#ffffff&#8221; border_style=&#8221;solid&#8221;]<\/p>\n<p>Najpogosteje je preiskava namenjena oceni strukture, oblike in poteka mi\u0161ic, kit in obsklepnih vezi, lahko pa vsebini in obliki sklepa. Ultrazvo\u010dna preiskava omogo\u010da tako stati\u010dno kot dinami\u010dno ocene struktur.<\/p>\n<p>Najve\u010dkrat ultrazvo\u010dno pregledujemo\u00a0ramenske, komol\u010dne, zapestne, kolenske, gle\u017eenjske, kol\u010dne sklepe in male sklepe rok in nog.<\/p>\n<p><strong>Ultrazvo\u010dne preiskave gibal opravljamo:<\/strong><\/p>\n<ul>\n<li>po po\u0161kodbah, kjer lahko prika\u017eemo krvavitve ali raztrganine, ki merijo le nekaj mm<\/li>\n<li>pri vnetjih, kjer s prikazom prekrvljenosti ali proste teko\u010dine ugotavljamo intenzivnost vnetja<\/li>\n<li>pri tumorjih, kjer natan\u010dno ocenimo omejitev, velikost, strukturo, prekrvljenost<\/li>\n<\/ul>\n<p>[\/et_pb_text][et_pb_toggle admin_label=&#8221;Toggle&#8221; title=&#8221;Ultrazvok rame \u2013 rotatorne man\u0161ete&#8221; open=&#8221;off&#8221; title_font_size=&#8221;16&#8243; body_font_size=&#8221;14&#8243; use_border_color=&#8221;off&#8221; border_color=&#8221;#ffffff&#8221; border_style=&#8221;solid&#8221;]<\/p>\n<p><strong>Indikacije za ultrazvo\u010dno preiskavo rame:<\/strong><\/p>\n<ul>\n<li>bole\u010dina v rami<\/li>\n<li>omejena gibljivost rame<\/li>\n<li>otekanje sklepa<\/li>\n<\/ul>\n<p><strong>Z ultrazvokom rame ocenjujemo:<\/strong><\/p>\n<ul>\n<li>vrsto in velikost po\u0161kodbe (mi\u0161ica,tetiva,vez)<\/li>\n<li>vrsto in velikost degenerativne spremembe (tendioza)<\/li>\n<li>vnetni proces<\/li>\n<li>izliv teko\u010dine<\/li>\n<li>kalcinacije<\/li>\n<\/ul>\n<p><strong>Z ultrazvokom preiskujemo naslednje strukture rame:<\/strong><\/p>\n<ul>\n<li>mi\u0161ico supraspinatus<\/li>\n<li>mi\u0161ico infraspinatus<\/li>\n<li>mi\u0161ico teres minor<\/li>\n<li>mi\u0161ice subscapularis<\/li>\n<li>mi\u0161ico biceps brachii<\/li>\n<li>ostale ve\u010dje mi\u0161ice rame po potrebi<\/li>\n<li>sklepne burze<\/li>\n<li>sklep nadlahtnice in lopatice<\/li>\n<li>sklep akromiona lopatice in klju\u010dnice<\/li>\n<li>prisotnost proste teko\u010dine<\/li>\n<li>vezi<\/li>\n<\/ul>\n<p><strong>Priprava na ultrazvo\u010dno preiskavo ramena:<\/strong><\/p>\n<p>Posebna priprava ni potrebna.<\/p>\n<p>&nbsp;<\/p>\n<p><strong>Potek ultrazvo\u010dne preiskave ramena:<\/strong><\/p>\n<p>Preiskava se izvede sede. Za dober prikaz se na ko\u017eo nanese ne\u0161kodljiv gel. Med preiskavo je potrebno aktivno sodelovanje pacienta z zdravnikom. Preiskava traja cca. 20 min.<\/p>\n<p>[\/et_pb_toggle][et_pb_toggle admin_label=&#8221;Toggle&#8221; title=&#8221;Ultrazvok komolca&#8221; open=&#8221;off&#8221; title_font_size=&#8221;16&#8243; body_font_size=&#8221;14&#8243; use_border_color=&#8221;off&#8221; border_color=&#8221;#ffffff&#8221; border_style=&#8221;solid&#8221;]<\/p>\n<p><strong>Indikacije za ultrazvo\u010dno preiskavo komolca:<\/strong><\/p>\n<ul>\n<li>bole\u010dina v komolcu<\/li>\n<li>omejena gibljivost komolca<\/li>\n<li>otekanje sklepa<\/li>\n<\/ul>\n<p><strong>Z ultrazvokom ocenjujemo:<\/strong><\/p>\n<ul>\n<li>vrsto in obse\u017enost po\u0161kodbe (tetiva,mi\u0161ica,vez)<\/li>\n<li>degenerativne spremembe (tendioze)<\/li>\n<li>vnetni proces (teni\u0161ki, golferski komolec)<\/li>\n<li>izliv teko\u010dine<\/li>\n<\/ul>\n<p><strong>Z ultrazvokom preiskujemo naslednje strukture komolca:<\/strong><\/p>\n<ul>\n<li>narasti\u0161\u010de tetiv na lateralni in medialni epikondil<\/li>\n<li>vezi<\/li>\n<li>ulnarni \u017eivec\u00a0v ulnarnem kanalu<\/li>\n<li>sklepne burze<\/li>\n<li>sklepe nadlahtnice, podlahtnice in ko\u017eeljnice<\/li>\n<li>prisotnost proste teko\u010dine<\/li>\n<\/ul>\n<p><strong>Priprava na ultrazvo\u010dno preiskavo komolca:<\/strong><\/p>\n<p>Posebna priprava ni potrebna.<\/p>\n<p><strong>Potek ultrazvo\u010dne preiskave komolca:<\/strong><\/p>\n<p>Preiskava se izvede sede. Za dober prikaz se na ko\u017eo nanese ne\u0161kodljiv gel. Med preiskavo je potrebno aktivno sodelovanje pacienta z zdravnikom. Preiskava traja cca. 20 min.<\/p>\n<p>[\/et_pb_toggle][et_pb_toggle admin_label=&#8221;Toggle&#8221; title=&#8221;Ultrazvok kolena&#8221; open=&#8221;off&#8221; title_font_size=&#8221;16&#8243; body_font_size=&#8221;14&#8243; use_border_color=&#8221;off&#8221; border_color=&#8221;#ffffff&#8221; border_style=&#8221;solid&#8221;]<\/p>\n<p><strong>Indikacije za ultrazvo\u010dno preiskavo kolena:<\/strong><\/p>\n<ul>\n<li>bole\u010dina v kolenu<\/li>\n<li>omejena gibljivost kolena<\/li>\n<li>otekanje sklepa<\/li>\n<\/ul>\n<p><strong>Z ultrazvokom ocenjujemo:<\/strong><\/p>\n<ul>\n<li>vrsta in obseg po\u0161kodbe (tetiva,mi\u0161ica,meniskus,vez)<\/li>\n<li>obrabne spremembe<\/li>\n<li>vnetni proces<\/li>\n<li>izliv teko\u010dine<\/li>\n<li>rudimentarni ostanki<\/li>\n<\/ul>\n<p>Z ultrazvokom preiskujemo naslednje strukture kolena:<\/p>\n<ul>\n<li>medialni in lateralni kolateralni ligament<\/li>\n<li>patelarni ligament<\/li>\n<li>obod medialnega in lateralnega meniskusa<\/li>\n<li>suprapatelarni recesus<\/li>\n<li>sklepe stegnenice, goleni in me\u010dnice ter stegneni\u010dno poga\u010di\u010dnega stika<\/li>\n<li>prisotnost proste teko\u010dine<\/li>\n<\/ul>\n<p><strong>Priprava na ultrazvo\u010dno preiskavo kolena:<\/strong><\/p>\n<p>Posebna priprava ni potrebna.<\/p>\n<p><strong>Potek ultrazvo\u010dne preiskave kolena:<\/strong><\/p>\n<p>Preiskava se izvede le\u017ee. Za dober prikaz se na ko\u017eo nanese ne\u0161kodljiv gel. Med preiskavo je potrebno aktivno sodelovanje pacienta z zdravnikom. Preiskava traja med 15 \u2013 30 min.<\/p>\n<p>[\/et_pb_toggle][et_pb_toggle admin_label=&#8221;Toggle&#8221; title=&#8221;Ultrazvok Ahilove tetive in gle\u017enja&#8221; open=&#8221;off&#8221; title_font_size=&#8221;16&#8243; body_font_size=&#8221;14&#8243; use_border_color=&#8221;off&#8221; border_color=&#8221;#ffffff&#8221; border_style=&#8221;solid&#8221;]<\/p>\n<p><strong>Indikacije za ultrazvo\u010dno preiskavo Ahilove tetive in gle\u017enja:<\/strong><\/p>\n<ul>\n<li>bole\u010dina v Ahilovi tetivi in sklepu<\/li>\n<li>omejena gibljivost sklepa<\/li>\n<li>otekanje sklepa<\/li>\n<\/ul>\n<p><strong>Z ultrazvokom ocenjujemo:<\/strong><\/p>\n<ul>\n<li>vrsta in obseg po\u0161kodbe (tetiva, mi\u0161ica, vez)<\/li>\n<li>vnetni proces<\/li>\n<li>izliv teko\u010dine<\/li>\n<\/ul>\n<p><strong>Z ultrazvokom preiskujemo naslednje strukture gle\u017enja:<\/strong><\/p>\n<ul>\n<li>Ahilovo tetivo<\/li>\n<li>ligamentarni aparat gle\u017enja<\/li>\n<li>tetive, mi\u0161ice gle\u017enja<\/li>\n<li>burze<\/li>\n<li>sklepe golenice, me\u010dnice, talusa, petnice<\/li>\n<li>prisotnost proste teko\u010dine<\/li>\n<\/ul>\n<p><strong>Priprava na ultrazvo\u010dno preiskavo Ahilove tetive in gle\u017enja:<\/strong><\/p>\n<p>Posebna priprava ni potrebna.<\/p>\n<p><strong>Potek ultrazvo\u010dne preiskave Ahilove tetive in gle\u017enja:<\/strong><\/p>\n<p>Preiskava se izvede le\u017ee. Za dober prikaz se na ko\u017eo nanese ne\u0161kodljiv gel. Med preiskavo je za\u017eeljeno aktivno sodelovanje pacienta z zdravnikom. Preiskava traja med 20 \u2013 25 min. Preiskava je nebole\u010da.<\/p>\n<p>[\/et_pb_toggle][et_pb_toggle admin_label=&#8221;Toggle&#8221; title=&#8221;Ultrazvok pete in stopala&#8221; open=&#8221;off&#8221; title_font_size=&#8221;16&#8243; body_font_size=&#8221;14&#8243; use_border_color=&#8221;off&#8221; border_color=&#8221;#ffffff&#8221; border_style=&#8221;solid&#8221;]<\/p>\n<p><strong>Indikacije za ultrazvo\u010dno preiskavo pete in stopala:<\/strong><\/p>\n<ul>\n<li>bole\u010dina v peti in stopalu<\/li>\n<li>omejena gibljivost malih sklepov stopala<\/li>\n<li>otekanje sklepov in stopala<\/li>\n<\/ul>\n<p><strong>Z ultrazvokom ocenjujemo:<\/strong><\/p>\n<ul>\n<li>tip po\u0161kodbe (tetivna, mi\u0161i\u010dna, vezivna)<\/li>\n<li>obse\u017enost po\u0161kodbe<\/li>\n<li>vnetni proces, degenerativne spremembe<\/li>\n<li>izliv teko\u010dine<\/li>\n<\/ul>\n<p>Z ultrazvokom preiskujemo naslednje strukture pete in stopala:<\/p>\n<ul>\n<li>vezi, mi\u0161ice, tetive, plantarno aponevrozo<\/li>\n<li>sklepe stopala<\/li>\n<li>kostne neplastive, kalcinacije<\/li>\n<li>prisotnost proste teko\u010dine<\/li>\n<\/ul>\n<p><strong>Priprava na ultrazvo\u010dno preiskavo pete in stopala:<\/strong><\/p>\n<p>Posebna priprava ni potrebna.<\/p>\n<p><strong>Potek ultrazvo\u010dne preiskave pete in stopala:<\/strong><\/p>\n<p>Preiskava se izvede le\u017ee. Za dober prikaz se na ko\u017eo nanese ne\u0161kodljiv gel. Med preiskavo je potrebno aktivno sodelovanje pacienta z zdravnikom. Preiskava traja med 15 \u2013 30 min. Preiskava je nebole\u010da.<\/p>\n<p>[\/et_pb_toggle][et_pb_toggle admin_label=&#8221;Toggle&#8221; title=&#8221;Ultrazvok zapestja in roke&#8221; open=&#8221;off&#8221; title_font_size=&#8221;16&#8243; body_font_size=&#8221;14&#8243; use_border_color=&#8221;off&#8221; border_color=&#8221;#ffffff&#8221; border_style=&#8221;solid&#8221;]<\/p>\n<p><strong>Z ultrazvokom preiskujemo naslednje strukture zapestja in roke:<\/strong><\/p>\n<ul>\n<li>mediani in ulnarni \u017eivec<\/li>\n<li>vezivni aparat zapestja<\/li>\n<li>tetive, aponevroze, mi\u0161ice<\/li>\n<li>prisotnost proste teko\u010dine<\/li>\n<\/ul>\n<p>In na roki:<\/p>\n<ul>\n<li>mi\u0161ice, vezi in kite in sklepe v dlani in na hrbti\u0161\u010du dlani ter na prstih<\/li>\n<\/ul>\n<p>&nbsp;<\/p>\n<p>[\/et_pb_toggle][et_pb_toggle admin_label=&#8221;Toggle&#8221; title=&#8221;Ultrazvok kolka in obkol\u010dnih struktur&#8221; open=&#8221;off&#8221; title_font_size=&#8221;16&#8243; body_font_size=&#8221;14&#8243; use_border_color=&#8221;off&#8221; border_color=&#8221;#ffffff&#8221; border_style=&#8221;solid&#8221;]<\/p>\n<p><strong>Z ultrazvokom preiskujemo naslednje strukture kolka:<\/strong><\/p>\n<ul>\n<li>narasti\u0161\u010de tetiv na trohantrih ter vidne pripadajo\u010de mi\u0161ice<\/li>\n<li>ligamente kol\u010dnega sklepa in labrum<\/li>\n<li>sklep stegnenice in medeni\u010dne kosti<\/li>\n<li>prisotnost proste teko\u010dine, burze, iliotibialni traktus<\/li>\n<\/ul>\n<p><strong>Priprava na ultrazvo\u010dno preiskavo:<\/strong><\/p>\n<p>Posebna priprava ni potrebna.<\/p>\n<p><strong>Potek ultrazvo\u010dne preiskave:<\/strong><\/p>\n<p>Preiskava se izvede le\u017ee ali sede. Za dober prikaz se na ko\u017eo nanese ne\u0161kodljiv gel. Med preiskavo je potrebno aktivno sodelovanje pacienta z zdravnikom. Preiskava traja cca 20 min.<\/p>\n<p>[\/et_pb_toggle][\/et_pb_column][et_pb_column type=&#8221;1_3&#8243;][et_pb_blurb admin_label=&#8221;Blurb&#8221; title=&#8221;Priprava na pregled&#8221; url_new_window=&#8221;off&#8221; use_icon=&#8221;on&#8221; font_icon=&#8221;%%79%%&#8221; icon_color=&#8221;#ff9922&#8243; use_circle=&#8221;off&#8221; circle_color=&#8221;#ff9922&#8243; use_circle_border=&#8221;off&#8221; circle_border_color=&#8221;#ff9922&#8243; icon_placement=&#8221;top&#8221; animation=&#8221;top&#8221; background_layout=&#8221;light&#8221; text_orientation=&#8221;left&#8221; use_icon_font_size=&#8221;on&#8221; icon_font_size=&#8221;38&#8243; header_font_size=&#8221;18&#8243; body_font_size=&#8221;14&#8243; use_border_color=&#8221;off&#8221; border_color=&#8221;#ffffff&#8221; border_style=&#8221;solid&#8221; background_color=&#8221;#e2e2e2&#8243; custom_padding=&#8221;20px|20px|20px|20px&#8221;]<\/p>\n<p>Za ultrazvo\u010dno preiskavo niso potrebne posebne predpriprave. Med preiskavo preiskovanec sedi ali le\u017ei, odvisno od sklepa, ki ga pregledujemo. Pri preiskavi je zelo pomembno, da je pregledovani sklep vsaj pasivno gibljiv in da lahko polo\u017eaj sklepa ustrezno spreminjamo med samo preiskavo. Le na tak na\u010din lahko dobro prika\u017eemo in ocenimo posamezne obsklepne strukture.<\/p>\n<p>Za pravilno oceno najdb pri ultrazvo\u010dni preiskavi je zelo pomembno, da preiskovanec s seboj prinese vso medicinsko dokumentacijo (predhodne izvide, slike), ki je povezana s te\u017eavami zaradi katerih je na preiskavo pri\u0161el.<\/p>\n<p>[\/et_pb_blurb][\/et_pb_column][\/et_pb_row][\/et_pb_section]<\/p>\n","protected":false},"excerpt":{"rendered":"<p>[et_pb_section admin_label=&#8221;Section&#8221; fullwidth=&#8221;off&#8221; specialty=&#8221;off&#8221; background_image=&#8221;http:\/\/www.ambulantagenus.si\/si\/wp-content\/uploads\/sites\/2\/2016\/03\/genus-ultrazvok-mehkih-tkiv-in-sklepov.jpg&#8221; transparent_background=&#8221;off&#8221; allow_player_pause=&#8221;off&#8221; inner_shadow=&#8221;off&#8221; parallax=&#8221;off&#8221; parallax_method=&#8221;off&#8221; padding_mobile=&#8221;off&#8221; make_fullwidth=&#8221;off&#8221; use_custom_width=&#8221;off&#8221; width_unit=&#8221;on&#8221; make_equal=&#8221;off&#8221; use_custom_gutter=&#8221;off&#8221; gutter_width=&#8221;3&#8243; custom_css_main_element=&#8221;min-height: 360px;&#8221;][et_pb_row admin_label=&#8221;Row&#8221;][et_pb_column type=&#8221;1_3&#8243;][\/et_pb_column][et_pb_column type=&#8221;1_3&#8243;][\/et_pb_column][et_pb_column type=&#8221;1_3&#8243;][et_pb_cta admin_label=&#8221;Call To Action&#8221; global_module=&#8221;656&#8243; saved_tabs=&#8221;all&#8221; title=&#8221;Telefonsko naro\u010danje na 031-647-815&#8243; button_url=&#8221;#&#8221; url_new_window=&#8221;off&#8221; button_text=&#8221;Kontakt&#8221; use_background_color=&#8221;on&#8221; background_color=&#8221;rgba(255,153,34,0.3)&#8221; background_layout=&#8221;dark&#8221; text_orientation=&#8221;left&#8221; header_font_size=&#8221;26&#8243; body_font_size=&#8221;14&#8243; use_border_color=&#8221;off&#8221; border_color=&#8221;#ffffff&#8221; border_style=&#8221;solid&#8221; custom_button=&#8221;off&#8221; button_text_size=&#8221;20&#8243; button_border_width=&#8221;2&#8243; button_border_radius=&#8221;3&#8243; button_letter_spacing=&#8221;0&#8243; button_use_icon=&#8221;default&#8221; button_icon_placement=&#8221;right&#8221; button_on_hover=&#8221;on&#8221; button_border_radius_hover=&#8221;3&#8243; button_letter_spacing_hover=&#8221;0&#8243;] [\/et_pb_cta][\/et_pb_column][\/et_pb_row][\/et_pb_section][et_pb_section [&hellip;]<\/p>\n","protected":false},"author":1,"featured_media":0,"parent":90,"menu_order":10,"comment_status":"closed","ping_status":"closed","template":"","meta":{"_et_pb_use_builder":"on","_et_pb_old_content":"","_et_gb_content_width":""},"_links":{"self":[{"href":"http:\/\/www.ambulantagenus.si\/si\/wp-json\/wp\/v2\/pages\/131"}],"collection":[{"href":"http:\/\/www.ambulantagenus.si\/si\/wp-json\/wp\/v2\/pages"}],"about":[{"href":"http:\/\/www.ambulantagenus.si\/si\/wp-json\/wp\/v2\/types\/page"}],"author":[{"embeddable":true,"href":"http:\/\/www.ambulantagenus.si\/si\/wp-json\/wp\/v2\/users\/1"}],"replies":[{"embeddable":true,"href":"http:\/\/www.ambulantagenus.si\/si\/wp-json\/wp\/v2\/comments?post=131"}],"version-history":[{"count":29,"href":"http:\/\/www.ambulantagenus.si\/si\/wp-json\/wp\/v2\/pages\/131\/revisions"}],"predecessor-version":[{"id":828,"href":"http:\/\/www.ambulantagenus.si\/si\/wp-json\/wp\/v2\/pages\/131\/revisions\/828"}],"up":[{"embeddable":true,"href":"http:\/\/www.ambulantagenus.si\/si\/wp-json\/wp\/v2\/pages\/90"}],"wp:attachment":[{"href":"http:\/\/www.ambulantagenus.si\/si\/wp-json\/wp\/v2\/media?parent=131"}],"curies":[{"name":"wp","href":"https:\/\/api.w.org\/{rel}","templated":true}]}}