{"id":123,"date":"2015-12-03T11:13:25","date_gmt":"2015-12-03T10:13:25","guid":{"rendered":"http:\/\/www.ambulantagenus.si\/si\/?page_id=123"},"modified":"2016-05-18T12:16:07","modified_gmt":"2016-05-18T10:16:07","slug":"udarni-globinski-valovi","status":"publish","type":"page","link":"http:\/\/www.ambulantagenus.si\/si\/terapije\/udarni-globinski-valovi\/","title":{"rendered":"Udarni globinski valovi"},"content":{"rendered":"<p>[et_pb_section admin_label=&#8221;section&#8221; background_image=&#8221;http:\/\/www.ambulantagenus.si\/si\/wp-content\/uploads\/sites\/2\/2015\/12\/genus-terapije.jpg&#8221; transparent_background=&#8221;off&#8221; allow_player_pause=&#8221;off&#8221; inner_shadow=&#8221;on&#8221; parallax=&#8221;off&#8221; parallax_method=&#8221;off&#8221; padding_mobile=&#8221;off&#8221; make_fullwidth=&#8221;off&#8221; use_custom_width=&#8221;off&#8221; width_unit=&#8221;on&#8221; make_equal=&#8221;off&#8221; use_custom_gutter=&#8221;off&#8221; gutter_width=&#8221;3&#8243; custom_css_main_element=&#8221;min-height: 360px;&#8221;][et_pb_row admin_label=&#8221;row&#8221;][et_pb_column type=&#8221;1_3&#8243;][\/et_pb_column][et_pb_column type=&#8221;1_3&#8243;][\/et_pb_column][et_pb_column type=&#8221;1_3&#8243;][et_pb_cta admin_label=&#8221;Call To Action&#8221; global_module=&#8221;656&#8243; title=&#8221;Telefonsko naro\u010danje na 031-647-815&#8243; button_url=&#8221;#&#8221; url_new_window=&#8221;off&#8221; button_text=&#8221;Spletno naro\u010danje&#8221; use_background_color=&#8221;on&#8221; background_color=&#8221;rgba(255,153,34,0.3)&#8221; background_layout=&#8221;dark&#8221; text_orientation=&#8221;left&#8221; header_font_size=&#8221;26&#8243; body_font_size=&#8221;14&#8243; use_border_color=&#8221;off&#8221; border_color=&#8221;#ffffff&#8221; border_style=&#8221;solid&#8221; custom_button=&#8221;off&#8221; button_text_size=&#8221;20&#8243; button_border_width=&#8221;2&#8243; button_border_radius=&#8221;3&#8243; button_letter_spacing=&#8221;0&#8243; button_use_icon=&#8221;default&#8221; button_icon_placement=&#8221;right&#8221; button_on_hover=&#8221;on&#8221; button_border_radius_hover=&#8221;3&#8243; button_letter_spacing_hover=&#8221;0&#8243; saved_tabs=&#8221;all&#8221;]<\/p>\n<p>[\/et_pb_cta][\/et_pb_column][\/et_pb_row][\/et_pb_section][et_pb_section admin_label=&#8221;Section&#8221; fullwidth=&#8221;off&#8221; specialty=&#8221;off&#8221;][et_pb_row admin_label=&#8221;Row&#8221;][et_pb_column type=&#8221;4_4&#8243;][et_pb_text admin_label=&#8221;Text&#8221; background_layout=&#8221;light&#8221; text_orientation=&#8221;left&#8221; text_font_size=&#8221;18&#8243; use_border_color=&#8221;off&#8221; border_color=&#8221;#ffffff&#8221; border_style=&#8221;solid&#8221;]<\/p>\n<h1>Zunajtelesna terapija z udarnimi valovi \u2013 povrnitev nebole\u010de gibljivosti<\/h1>\n<p>Zunajtelesna terapija z udarnimi valovi (extracorporeal shock wave therapy &#8211; ESWT) je u\u010dinkovita metoda zdravljenja kit in vezi mi\u0161i\u010dno-skeletnega sistema. Dolgoletne izku\u0161nje so potrdile, da so\u00a0patolo\u0161ke spremembe kit, vezi, sklepnih ovojnic in mi\u0161ic, ki so vzrok bole\u010dinam, mogo\u010de sistemati\u010dno odstraniti s tem inovativnim terapevtskim pristopom.<\/p>\n<p>Terapija z udarnimi valovi je s strani usposobljenega terapevta zelo u\u010dinkovit postopek zdravljenja bole\u010dine, akutne ali kroni\u010dne, v mi\u0161icah ali kitah z minimalnimi tveganji ali stranskimi u\u010dinki.<\/p>\n<p>[\/et_pb_text][\/et_pb_column][\/et_pb_row][\/et_pb_section][et_pb_section admin_label=&#8221;Section&#8221; fullwidth=&#8221;off&#8221; specialty=&#8221;off&#8221;][et_pb_row admin_label=&#8221;Row&#8221;][et_pb_column type=&#8221;2_3&#8243;][et_pb_text admin_label=&#8221;Text&#8221; background_layout=&#8221;light&#8221; text_orientation=&#8221;left&#8221; text_font_size=&#8221;14&#8243; use_border_color=&#8221;off&#8221; border_color=&#8221;#ffffff&#8221; border_style=&#8221;solid&#8221;]<\/p>\n<h2>Kaj je ESWT?<\/h2>\n<p>Zunajtelesna terapija z udarnimi valovi (ESWT) je moderna in zelo u\u010dinkovita metoda zdravljenja: bole\u010di predeli telesa so obsevani z visoko energetskimi zvo\u010dnimi valovi. S tem inovativnim pristopom je mogo\u010de sistemati\u010dno odstranjevanje patolo\u0161ke spremenjenosti kit, vezi, sklepnih ovojnic, mi\u0161ic in kosti.<\/p>\n<p><strong>Ugodni u\u010dinki zdravljenja se opazijo \u017ee po eni do dveh terapijah, s \u010dimer se izbolj\u0161a va\u0161a kakovost \u017eivljenja.<\/strong><\/p>\n<p>&nbsp;<\/p>\n<h2>Kaj so udarni valovi?<\/h2>\n<p>Udarni valovi so sli\u0161ni visokoenergetski zvo\u010dni valovi. Pojavljajo se v atmosferi, na primer med udarci strele ali ob prebitju zvo\u010dnega zidu letal. V medicinskem svetu so udarne valove uporabljali okoli leta 1980 za razbitje ledvi\u010dnih kamnov. V tej sodobni terapiji se energija pretaka iz prostora, kjer se proizvaja, na bole\u010de predele telesa, kjer sprosti svoje zdravilne u\u010dinke.<\/p>\n<p><strong>Po zadnjih raziskavah ima ESWT dolgoro\u010dni regenerativni u\u010dinek ter takoj\u0161en protibole\u010dinski in protivnetni u\u010dinek na tkiva.<\/strong> Pove\u010da prekrvitev v obravnavanih tkivih, povzro\u010di \u0161e ne popolno razjasnjene spremembe na celi\u010dnem nivoju, ki pospe\u0161ijo celjenje kostnih zlomov in celjenje po\u0161kodovanih kit ( ka\u017ee da vplivajo na rast in diferenciacijo celic kostnega mozga in proliferacijo in stimulacijo kolagena tipa I. v \u00bbosteoblast \u2013 like\u00ab celicah, proliferacijo in diferenciacijo osteoblastov, povzro\u010dajo neoangiogenezo, inhibirajo osteoklastogenezo \u2013 verjetno preko vpliva na rastne faktorje).<\/p>\n<p>&nbsp;<\/p>\n<h2>Katere bolezni zdravimo?<\/h2>\n<p>[\/et_pb_text][et_pb_toggle admin_label=&#8221;Toggle&#8221; title=&#8221;Rama in vrat&#8221; open=&#8221;off&#8221; title_font_size=&#8221;16&#8243; body_font_size=&#8221;14&#8243; use_border_color=&#8221;off&#8221; border_color=&#8221;#ffffff&#8221; border_style=&#8221;solid&#8221;]<\/p>\n<ul>\n<li><strong>bole\u010da rama<\/strong><\/li>\n<li><strong>kalcinirajo\u010di tendinitis<\/strong><\/li>\n<li><strong>vratni sindrom<\/strong><\/li>\n<li><strong>bole\u010de pro\u017eilne to\u010dke bole\u010de rame <\/strong>(Trigger points, prej imenovane miogeloze, so ob\u010dutljive to\u010dke v otipljivo napetih snopih mi\u0161i\u010dnih vlaken. Trigger points povzro\u010dajo bole\u010dino med gibanjem, v\u010dasih celo v mirovanju. Zna\u010dilna lastnost trigger points je, da sevajo bole\u010dino.)<\/li>\n<li><strong>bole\u010de pro\u017eilne to\u010dke vratnega sindroma (chronic neck pain)<\/strong><\/li>\n<\/ul>\n<p><strong>ESWT zdravljenje kalcinirajo\u010dega tendinitisa (calcareous shoulder) &#8211; <\/strong>Pri kalcinirajo\u010demu tendinitisu so v kitah in narasti\u0161\u010dih kit kalcijevi depoziti. Zato tej bolezni pravimo tudi kalcinirajo\u010da rama. Najpogosteje je prizadeta tetiva mi\u0161ice supraspinatus. Kalcinacije povzro\u010dajo akutno vnetje kite. To vnetno dogajanje se ve\u010dinoma ob\u010duti ne le kot bole\u010de gibanje temve\u010d tudi kot bole\u010dina pono\u010di oz. v mirovanju.<\/p>\n<p>[\/et_pb_toggle][et_pb_toggle admin_label=&#8221;Toggle&#8221; title=&#8221;Ahilova tetiva in peta&#8221; open=&#8221;off&#8221; title_font_size=&#8221;16&#8243; body_font_size=&#8221;14&#8243; use_border_color=&#8221;off&#8221; border_color=&#8221;#ffffff&#8221; border_style=&#8221;solid&#8221;]<\/p>\n<ul>\n<li><strong>Ahilodinija (kroni\u010dni bole\u010dinski sindrom Ahilove tetive)<\/strong><\/li>\n<li><strong>Kr\u010d mi\u0161ic v podplatu<\/strong><\/li>\n<li><strong>Plantarni fasciitis<\/strong><\/li>\n<\/ul>\n<p><strong>ESWT zdravljenje Ahilove tetive (sindrom kroni\u010dne bolezni Ahilove tetive) &#8211; <\/strong>Ahilodinija je sindrom bole\u010dine v Ahilovi tetivi, ki se raz\u0161irja na me\u010da in kost pete. Vzrok zanj je lokalna, predvsem pa kroni\u010dna obraba Ahilove tetive.<\/p>\n<p><strong>ESWT zdravljenje plantarnega fascitisa in trn petnice &#8211; <\/strong>Trn petnice je ko\u0161\u010den izrastek na kosti pete, ki se lahko pojavi na podplatu bodisi zadaj ali pa na dnu kosti. Spodnji petin izrastek je ob\u010dasno povezan z vnetjem plantarne tetive na podplatu, ki se imenuje plantarni fasciitis.<\/p>\n<p>[\/et_pb_toggle][et_pb_toggle admin_label=&#8221;Toggle&#8221; title=&#8221;Koleno in golen&#8221; open=&#8221;off&#8221; title_font_size=&#8221;16&#8243; body_font_size=&#8221;14&#8243; use_border_color=&#8221;off&#8221; border_color=&#8221;#ffffff&#8221; border_style=&#8221;solid&#8221;]<\/p>\n<p><strong>ESWT zdravljenje patelarnega tendinitisa (skakalno koleno) &#8211; <\/strong>Vnetje patelarnega ligamenta ali kite mi\u0161ice quadriceps imenujemo tudi patelarni tendinitis. Ta povzro\u010da bole\u010dine v spodnjem delu poga\u010dice, ve\u010dinoma v eni nogi. Patelarni tendinitis se pogosto pojavlja pri teka\u010dih, sicer je to bolezen rastne dobe.<\/p>\n<p><strong>ESWT zdravljenje stresnega sindroma tibie (shin splint) &#8211; <\/strong>Stresni sindrom tibie, znan tudi kot shin splint, je bole\u010d ob\u010dutek v goleni. Bolezen se pojavi po vadbi. Eden od razlogov za bole\u010dino je prevelika obremenitev mi\u0161ic. Shint splint se najpogosteje pojavlja pri \u0161portih s hitrimi spremembami smeri, lahko pa tudi pri netreniranih \u0161portnikih, po pridobitvi telesne te\u017ee ali po spremembi obutve.<\/p>\n<p>[\/et_pb_toggle][et_pb_toggle admin_label=&#8221;Toggle&#8221; title=&#8221;Komolec&#8221; open=&#8221;off&#8221; title_font_size=&#8221;16&#8243; body_font_size=&#8221;14&#8243; use_border_color=&#8221;off&#8221; border_color=&#8221;#ffffff&#8221; border_style=&#8221;solid&#8221;]<\/p>\n<ul>\n<li><strong>Epikondilitis, teni\u0161ki ali golferski komolec<\/strong><\/li>\n<li><strong>Trigger points podlaktnih mi\u0161ic<u><br \/>\n<\/u><\/strong><\/li>\n<\/ul>\n<p><strong>ESWT zdravljenje epikondilitisa (teni\u0161ki komolec) &#8211; <\/strong>Epikondilitis je bole\u010de dra\u017eenje izhodi\u0161\u010dnih kit mi\u0161ic podlakti. Zna\u010dilna je cirumskriptna bole\u010dnost in oteklina preko pritrditve mi\u0161ice na komolcu in bole\u010dina se spro\u017ei ali pove\u010da pri delovanju teh mi\u0161ic. Glede na lokacijo se epikondilitis imenuje teni\u0161ki ali golferski komolec.<\/p>\n<p>[\/et_pb_toggle][et_pb_toggle admin_label=&#8221;Toggle&#8221; title=&#8221;Hrbet&#8221; open=&#8221;off&#8221; title_font_size=&#8221;16&#8243; body_font_size=&#8221;14&#8243; use_border_color=&#8221;off&#8221; border_color=&#8221;#ffffff&#8221; border_style=&#8221;solid&#8221;]<\/p>\n<ul>\n<li><strong>lumbalgija &#8211; bole\u010dina v spodnjem delu hrbta, dorzalgija<\/strong><\/li>\n<li><strong>dorzalgija \u2013 bole\u010dina v osrednjem delu hrbta<\/strong><\/li>\n<li><strong><strong>zdravljenje Trigger points pri lumbalgiji in dorzalgiji<\/strong><\/strong><\/li>\n<\/ul>\n<p>[\/et_pb_toggle][et_pb_toggle admin_label=&#8221;Toggle&#8221; title=&#8221;Ostale indikacije&#8221; open=&#8221;off&#8221; title_font_size=&#8221;16&#8243; body_font_size=&#8221;14&#8243; use_border_color=&#8221;off&#8221; border_color=&#8221;#ffffff&#8221; border_style=&#8221;solid&#8221;]<\/p>\n<ul>\n<li><strong>Trohanterni tendinitis<\/strong><\/li>\n<li><strong>Pre- in patelarni burzitis<\/strong><\/li>\n<li><strong>Burzitis v ramenskem sklepu<\/strong><\/li>\n<li><strong>Utesnitveni sindom<\/strong><\/li>\n<li><strong>Hondropatija poga\u010dice<\/strong><\/li>\n<li><strong>Hipertrofi\u010dna insercija \u2013 npr. tuberositas tibije<\/strong><\/li>\n<li><strong>Cervikalni sindrom <\/strong><\/li>\n<li><strong>Metatarzalgija<\/strong><\/li>\n<li><strong>Kroni\u010dne entezopatije splo\u0161no<\/strong><\/li>\n<li><strong>Ponavljajo\u010da se posledica mi\u0161i\u010dne po\u0161kodbe (brazgotinasto zara\u0161\u010danje)<\/strong><\/li>\n<li><strong>Psevdoartroze, zapoznelo in moteno celjenje kosti, stres frakture<\/strong><\/li>\n<li><strong>Povrhnje in globoke trigger to\u010dke \u2013 splo\u0161no<\/strong><\/li>\n<\/ul>\n<p>[\/et_pb_toggle][et_pb_toggle admin_label=&#8221;Toggle&#8221; title=&#8221;Kontraindikacije&#8221; open=&#8221;off&#8221; closed_toggle_background_color=&#8221;rgba(221,153,51,0.25)&#8221; title_font_size=&#8221;16&#8243; body_font_size=&#8221;14&#8243; use_border_color=&#8221;off&#8221; border_color=&#8221;#ffffff&#8221; border_style=&#8221;solid&#8221;]<\/p>\n<p><strong>Hemofilija, antikoagulantna terapija, tromboza, maligna stanja, nose\u010dnost, diabeti\u010dna polinevropatija, otroci v rastni dobi, kortizonska terapija (6 tednov presledka do ESWT)<\/strong><\/p>\n<p>[\/et_pb_toggle][\/et_pb_column][et_pb_column type=&#8221;1_3&#8243;][et_pb_blurb admin_label=&#8221;Blurb&#8221; title=&#8221;Kako uspe\u0161na je ESWT terapija?&#8221; url_new_window=&#8221;off&#8221; use_icon=&#8221;on&#8221; font_icon=&#8221;%%79%%&#8221; icon_color=&#8221;#ff9922&#8243; use_circle=&#8221;off&#8221; circle_color=&#8221;#ff9922&#8243; use_circle_border=&#8221;off&#8221; circle_border_color=&#8221;#ff9922&#8243; icon_placement=&#8221;top&#8221; animation=&#8221;top&#8221; background_layout=&#8221;light&#8221; text_orientation=&#8221;left&#8221; use_icon_font_size=&#8221;on&#8221; icon_font_size=&#8221;48&#8243; header_font_size=&#8221;18&#8243; body_font_size=&#8221;14&#8243; background_color=&#8221;#e2e2e2&#8243; use_border_color=&#8221;off&#8221; border_color=&#8221;#ffffff&#8221; border_style=&#8221;solid&#8221; custom_padding=&#8221;20px|20px|20px|20px&#8221;]<\/p>\n<p>Po samo 2-3 terapijah ve\u010d kot 80 % bolnikov poro\u010da popolno okrevanje ali znatno zmanj\u0161anje bole\u010dine.<\/p>\n<p>[\/et_pb_blurb][et_pb_image admin_label=&#8221;Image&#8221; src=&#8221;http:\/\/www.ambulantagenus.si\/si\/wp-content\/uploads\/sites\/2\/2015\/12\/udarni-globinski-valovi.jpg&#8221; show_in_lightbox=&#8221;off&#8221; url_new_window=&#8221;off&#8221; animation=&#8221;off&#8221; sticky=&#8221;off&#8221; align=&#8221;center&#8221; force_fullwidth=&#8221;off&#8221; always_center_on_mobile=&#8221;on&#8221; use_border_color=&#8221;off&#8221; border_color=&#8221;#ffffff&#8221; border_style=&#8221;solid&#8221;]<\/p>\n<p>[\/et_pb_image][et_pb_blurb admin_label=&#8221;Blurb&#8221; title=&#8221;Kako se terapija izvaja?&#8221; url_new_window=&#8221;off&#8221; use_icon=&#8221;on&#8221; font_icon=&#8221;%%79%%&#8221; icon_color=&#8221;#ff9922&#8243; use_circle=&#8221;off&#8221; circle_color=&#8221;#ff9922&#8243; use_circle_border=&#8221;off&#8221; circle_border_color=&#8221;#ff9922&#8243; icon_placement=&#8221;top&#8221; animation=&#8221;top&#8221; background_layout=&#8221;light&#8221; text_orientation=&#8221;left&#8221; use_icon_font_size=&#8221;on&#8221; icon_font_size=&#8221;48&#8243; header_font_size=&#8221;18&#8243; body_font_size=&#8221;14&#8243; background_color=&#8221;rgba(221,153,51,0.25)&#8221; use_border_color=&#8221;off&#8221; border_color=&#8221;#ffffff&#8221; border_style=&#8221;solid&#8221; custom_padding=&#8221;20px|20px|20px|20px&#8221;]<\/p>\n<p>Terapevt lokalizira regijo bole\u010dine s palpacijo ali s pomo\u010djo udarnih valov in obravnava ugotovitve z vami. Na ko\u017eo je nato nanesen gel, ki omogo\u010da, da se udarni valovi vna\u0161ajo v telo nebole\u010de in skoraj brez izgube energije. Po teh pripravah, se udarni valovi sprostijo v bole\u010do regijo na telesu. Terapija traja od 5 do 10 minut, odvisno od resnosti po\u0161kodbe. Na splo\u0161no so potrebne 2 do 3 terapije v tedenskih intervalih.<\/p>\n<p>[\/et_pb_blurb][\/et_pb_column][\/et_pb_row][\/et_pb_section][et_pb_section admin_label=&#8221;Section&#8221; fullwidth=&#8221;off&#8221; specialty=&#8221;off&#8221;][et_pb_row admin_label=&#8221;Row&#8221;][et_pb_column type=&#8221;4_4&#8243;][et_pb_text admin_label=&#8221;Text&#8221; background_layout=&#8221;light&#8221; text_orientation=&#8221;left&#8221; text_font_size=&#8221;14&#8243; use_border_color=&#8221;off&#8221; border_color=&#8221;#ffffff&#8221; border_style=&#8221;solid&#8221;]<\/p>\n<p><strong>Kombiniranje ESWT in RSWT omogo\u010da optimalni u\u010dinek, \u0161ir\u0161i spekter indikacij in mo\u017enost zdravljenja globlje le\u017ee\u010dih tkiv<\/strong><\/p>\n<p><strong>ESWT <\/strong>\u2013 visokoenergetski fokusirani pulz ali val; dinami\u010dni energetski razpon od 0,01 do 0,55mJ\/mm2 (max. 62MPa) \u2013 pritisk v posameznem pulzu naraste na ve\u010d sto ali celo na tiso\u010d Barov in nato pade v kratki \u010dasovni enoti ene mikrosekunde; terapevtska globina od 0 do 65mm, frekvenca od 1 do 8 Hz; nastajajo v elektromagnetnem aplikatorju, koli\u010dina energije, ki vstopa v tkivo preko velike povr\u0161ine ko\u017ee zmanj\u0161a bole\u010di ob\u010dutek, a vseeno dose\u017eemo visoke energije v \u017eari\u0161\u010dni to\u010dki, cilindri\u010dni sistem aplikacije omogo\u010da doseganje globine (debelost ni ovira).<\/p>\n<p><strong>RSWT<\/strong> \u2013 nizkoenergetski radialni pulz; pnevmati\u010dno generiran, kineti\u010dna energija se pretvori v akusti\u010dno in ta se aplicira na pacienta; so specifi\u010dna akusti\u010dna dogajanja v obmo\u010dju ene mikrosekunde z dvigom amplitude par nanosekund in amplitudo pritiska od 10 do 100 MPa. Destruira celi\u010dno membrano \u2013 nociceptorji ne morejo ve\u010d po\u0161iljati bole\u010dinskih signalov, zvi\u0161uje koli\u010dino bole\u010dino inhibirajo\u010dih substanc &#8211; posledi\u010dno se zni\u017ea mi\u0161i\u010dni tonus v bole\u010dem podro\u010dju; deluje na sinapso, v kateri je shranjen spominski engram \u2013 long form modifikacija &#8211; pri kroni\u010dnih bole\u010dinskih sindromih in ga prekine \u2013 restavrira fiziolo\u0161ko stanje in s tem normalen mi\u0161i\u010dni tonus.\u00a0Zvi\u0161a tudi metabolizem v slab\u0161e prekrvljenih podro\u010djih. Ima stranske u\u010dinke: v obdobju 3-7 dni lahko nastane lokalna oteklina, rde\u010dina, manj\u0161i hematom, petehije, bole\u010dina po tretmanu, ko\u017ene lezije po predhodni kortizonski terapiji. Le ti morajo izginiti do naslednjega tretmana.<\/p>\n<p>[\/et_pb_text][\/et_pb_column][\/et_pb_row][\/et_pb_section]<\/p>\n","protected":false},"excerpt":{"rendered":"<p>[et_pb_section admin_label=&#8221;section&#8221; background_image=&#8221;http:\/\/www.ambulantagenus.si\/si\/wp-content\/uploads\/sites\/2\/2015\/12\/genus-terapije.jpg&#8221; transparent_background=&#8221;off&#8221; allow_player_pause=&#8221;off&#8221; inner_shadow=&#8221;on&#8221; parallax=&#8221;off&#8221; parallax_method=&#8221;off&#8221; padding_mobile=&#8221;off&#8221; make_fullwidth=&#8221;off&#8221; use_custom_width=&#8221;off&#8221; width_unit=&#8221;on&#8221; make_equal=&#8221;off&#8221; use_custom_gutter=&#8221;off&#8221; gutter_width=&#8221;3&#8243; custom_css_main_element=&#8221;min-height: 360px;&#8221;][et_pb_row admin_label=&#8221;row&#8221;][et_pb_column type=&#8221;1_3&#8243;][\/et_pb_column][et_pb_column type=&#8221;1_3&#8243;][\/et_pb_column][et_pb_column type=&#8221;1_3&#8243;][et_pb_cta admin_label=&#8221;Call To Action&#8221; global_module=&#8221;656&#8243; title=&#8221;Telefonsko naro\u010danje na 031-647-815&#8243; button_url=&#8221;#&#8221; url_new_window=&#8221;off&#8221; button_text=&#8221;Spletno naro\u010danje&#8221; use_background_color=&#8221;on&#8221; background_color=&#8221;rgba(255,153,34,0.3)&#8221; background_layout=&#8221;dark&#8221; text_orientation=&#8221;left&#8221; header_font_size=&#8221;26&#8243; body_font_size=&#8221;14&#8243; use_border_color=&#8221;off&#8221; border_color=&#8221;#ffffff&#8221; border_style=&#8221;solid&#8221; custom_button=&#8221;off&#8221; button_text_size=&#8221;20&#8243; button_border_width=&#8221;2&#8243; button_border_radius=&#8221;3&#8243; button_letter_spacing=&#8221;0&#8243; button_use_icon=&#8221;default&#8221; button_icon_placement=&#8221;right&#8221; button_on_hover=&#8221;on&#8221; button_border_radius_hover=&#8221;3&#8243; button_letter_spacing_hover=&#8221;0&#8243; saved_tabs=&#8221;all&#8221;] [\/et_pb_cta][\/et_pb_column][\/et_pb_row][\/et_pb_section][et_pb_section admin_label=&#8221;Section&#8221; [&hellip;]<\/p>\n","protected":false},"author":1,"featured_media":0,"parent":119,"menu_order":10,"comment_status":"closed","ping_status":"closed","template":"","meta":{"_et_pb_use_builder":"on","_et_pb_old_content":"","_et_gb_content_width":""},"_links":{"self":[{"href":"http:\/\/www.ambulantagenus.si\/si\/wp-json\/wp\/v2\/pages\/123"}],"collection":[{"href":"http:\/\/www.ambulantagenus.si\/si\/wp-json\/wp\/v2\/pages"}],"about":[{"href":"http:\/\/www.ambulantagenus.si\/si\/wp-json\/wp\/v2\/types\/page"}],"author":[{"embeddable":true,"href":"http:\/\/www.ambulantagenus.si\/si\/wp-json\/wp\/v2\/users\/1"}],"replies":[{"embeddable":true,"href":"http:\/\/www.ambulantagenus.si\/si\/wp-json\/wp\/v2\/comments?post=123"}],"version-history":[{"count":44,"href":"http:\/\/www.ambulantagenus.si\/si\/wp-json\/wp\/v2\/pages\/123\/revisions"}],"predecessor-version":[{"id":797,"href":"http:\/\/www.ambulantagenus.si\/si\/wp-json\/wp\/v2\/pages\/123\/revisions\/797"}],"up":[{"embeddable":true,"href":"http:\/\/www.ambulantagenus.si\/si\/wp-json\/wp\/v2\/pages\/119"}],"wp:attachment":[{"href":"http:\/\/www.ambulantagenus.si\/si\/wp-json\/wp\/v2\/media?parent=123"}],"curies":[{"name":"wp","href":"https:\/\/api.w.org\/{rel}","templated":true}]}}